{"id":22,"date":"2020-08-03T12:18:42","date_gmt":"2020-08-03T12:18:42","guid":{"rendered":"https:\/\/xn--bndnis-rechtsarbeit-asyl-vsc.ch\/?page_id=22"},"modified":"2020-09-15T12:34:09","modified_gmt":"2020-09-15T12:34:09","slug":"das-neue-museum-oeffnet-seine-tueren-2","status":"publish","type":"page","link":"https:\/\/xn--bndnis-rechtsarbeit-asyl-vsc.ch\/","title":{"rendered":""},"content":{"rendered":"\n<div class=\"wp-block-group alignfull has-accent-background-color has-background\"><div class=\"wp-block-group__inner-container is-layout-flow wp-block-group-is-layout-flow\">\n<figure class=\"wp-block-image size-large is-resized is-style-default\"><img loading=\"lazy\" decoding=\"async\" src=\"https:\/\/xn--bndnis-rechtsarbeit-asyl-vsc.ch\/wp-content\/uploads\/2020\/09\/test3-1024x578.png\" alt=\"\" class=\"wp-image-235\" width=\"610\" height=\"344\" srcset=\"https:\/\/xn--bndnis-rechtsarbeit-asyl-vsc.ch\/wp-content\/uploads\/2020\/09\/test3-1024x578.png 1024w, https:\/\/xn--bndnis-rechtsarbeit-asyl-vsc.ch\/wp-content\/uploads\/2020\/09\/test3-300x169.png 300w, https:\/\/xn--bndnis-rechtsarbeit-asyl-vsc.ch\/wp-content\/uploads\/2020\/09\/test3-768x434.png 768w, https:\/\/xn--bndnis-rechtsarbeit-asyl-vsc.ch\/wp-content\/uploads\/2020\/09\/test3.png 1093w\" sizes=\"auto, (max-width: 610px) 100vw, 610px\" \/><\/figure>\n\n\n\n<h6 class=\"has-text-align-left wp-block-heading\"><strong>Analyse zur Neustrukturierung des Asylbereichs und der Beschleunigung der Asylverfahren<br>&#8212;&#8212;&#8212;&#8212;&#8212;&#8212;-<br>Evaluation sur la restructuration de l\u2019ensemble du domaine de l\u2019asile et l&#8217;acc\u00e9l\u00e9ration des proc\u00e9dures d\u2019asile<\/strong><\/h6>\n\n\n\n<h3 class=\"wp-block-heading\"><a rel=\"noreferrer noopener\" href=\"https:\/\/xn--bndnis-rechtsarbeit-asyl-vsc.ch\/wp-content\/uploads\/2020\/09\/DOSSIER_Rechtsarbeit_DE.pdf\" target=\"_blank\">zum Bericht (DE, PDF, 41 S.<\/a><br><a rel=\"noreferrer noopener\" href=\"https:\/\/xn--bndnis-rechtsarbeit-asyl-vsc.ch\/wp-content\/uploads\/2020\/09\/DOSSIER_Rechtsarbeit_FR.pdf\" target=\"_blank\">voir le rapport (FR, PDF, 42 p.)<\/a><\/h3>\n<\/div><\/div>\n\n\n\n<div class=\"wp-block-group alignwide\"><div class=\"wp-block-group__inner-container is-layout-flow wp-block-group-is-layout-flow\">\n<div class=\"wp-block-columns alignwide is-layout-flex wp-container-core-columns-is-layout-9d6595d7 wp-block-columns-is-layout-flex\">\n<div class=\"wp-block-column is-layout-flow wp-block-column-is-layout-flow\">\n<div class=\"wp-block-group\"><div class=\"wp-block-group__inner-container is-layout-flow wp-block-group-is-layout-flow\">\n<h3 class=\"has-text-align-center has-primary-color has-text-color wp-block-heading\">Beobachtungen<br>Observations<\/h3>\n\n\n\n<div class=\"wp-block-button aligncenter is-style-outline is-style-outline--1\"><a class=\"wp-block-button__link\" href=\"https:\/\/b\u00fcndnis-rechtsarbeit-asyl.ch\/index.php\/beobachtungen-observations\/\">Mehr dazu \/ Plus d&#8217;infos<\/a><\/div>\n<\/div><\/div>\n\n\n\n<div class=\"wp-block-group\"><div class=\"wp-block-group__inner-container is-layout-flow wp-block-group-is-layout-flow\">\n<h3 class=\"has-text-align-center wp-block-heading\">Einzelfallbeispiele<br>T\u00e9moignages<\/h3>\n\n\n\n<div class=\"wp-block-button aligncenter is-style-outline is-style-outline--2\"><a class=\"wp-block-button__link\" href=\"https:\/\/b\u00fcndnis-rechtsarbeit-asyl.ch\/index.php\/einzelfallbeispiele-temoignages\">Mehr dazu \/ Plus d&#8217;infos<\/a><\/div>\n<\/div><\/div>\n<\/div>\n\n\n\n<div class=\"wp-block-column is-layout-flow wp-block-column-is-layout-flow\">\n<div class=\"wp-block-group\"><div class=\"wp-block-group__inner-container is-layout-flow wp-block-group-is-layout-flow\">\n<h3 class=\"has-text-align-center has-primary-color has-text-color wp-block-heading\">Forderungen<br>Revendications<\/h3>\n\n\n\n<div class=\"wp-block-button aligncenter is-style-outline is-style-outline--3\"><a class=\"wp-block-button__link\" href=\"https:\/\/b\u00fcndnis-rechtsarbeit-asyl.ch\/index.php\/forderungen-revendications\/\">Mehr dazu \/ Plus d&#8217;infos<\/a><\/div>\n<\/div><\/div>\n\n\n\n<div class=\"wp-block-group\"><div class=\"wp-block-group__inner-container is-layout-flow wp-block-group-is-layout-flow\">\n<h3 class=\"has-text-align-center wp-block-heading\">Statistik<br>Statistiques<\/h3>\n\n\n\n<div class=\"wp-block-button aligncenter is-style-outline is-style-outline--4\"><a class=\"wp-block-button__link\" href=\"https:\/\/xn--bndnis-rechtsarbeit-asyl-vsc.ch\/index.php\/statistiken-datenanalyse\/\">Mehr dazu \/ Plus d&#8217;infos<\/a><\/div>\n<\/div><\/div>\n<\/div>\n<\/div>\n\n\n\n<p><\/p>\n<\/div><\/div>\n\n\n\n<div class=\"wp-block-group alignfull has-accent-background-color has-background is-layout-flow wp-block-group-is-layout-flow\"><div class=\"wp-block-group__inner-container\"><\/div><\/div>\n\n\n\n<div class=\"wp-block-group alignwide\"><div class=\"wp-block-group__inner-container is-layout-flow wp-block-group-is-layout-flow\">\n<div class=\"wp-block-columns alignfull are-vertically-aligned-top is-layout-flex wp-container-core-columns-is-layout-9d6595d7 wp-block-columns-is-layout-flex\">\n<div class=\"wp-block-column is-vertically-aligned-top is-layout-flow wp-block-column-is-layout-flow\">\n<p class=\"has-drop-cap\">Seit dem 1. M\u00e4rz 2019 ist die \u00abNeustrukturierung Asylbereich\u00bb in Kraft. Diese hat die Beschleunigung der Asylverfahren zum Hauptziel. Dadurch soll schneller klar sein, ob asylsuchende Personen einen Status zum Verbleib in der Schweiz erhalten oder sie weggewiesen werden. Um die Rechtsstaatlichkeit dieser beschleunigten Verfahren zu garantieren, wird allen asylsuchenden Personen von Anfang an eine staatlich finanzierte Rechtsvertretung zur Seite gestellt. Diese begleitet die asylsuchenden Personen ab dem ersten Verfahrensschritt und vertritt ihre Rechte. Das Vertretungsverh\u00e4ltnis endet entweder mit dem Ergehen eines positiven Asylentscheides; oder mit einem rechtskr\u00e4ftigen Urteil des Bundesverwaltungsgerichts BVGer nach erhobener Beschwerde; oder bei Mandatsniederlegung falls die Rechtsvertretung eine Beschwerde vor BVGer als aussichtslos bewertet; oder im Falle eines abschl\u00e4gigen Asylentscheids im Rahmen des erweiterten Verfahrens.<\/p>\n<\/div>\n\n\n\n<div class=\"wp-block-column is-vertically-aligned-top is-layout-flow wp-block-column-is-layout-flow\">\n<p class=\"has-drop-cap\">Mit Inkrafttreten der Neustrukturierung im Asylbereich per 1. M\u00e4rz 2019 hat das B\u00fcndnis deshalb eine quali- wie quantitative Analyse zur Neustrukturierung begonnen, die sich auf eine gemeinsam erhobene Fall-Datenbank abst\u00fctzt. Eingang in die Datenbank fanden insgesamt 75 vor Bundesverwaltungsgericht entschiedene Beschwerden, in welchen das B\u00fcndnis die Vertretung der asylsuchenden Person wahrnahm oder der asylsuchenden Person bei einer unvertretenen Beschwerde assistierte, nachdem die staatlich finanzierte Rechtsvertretung ihr Mandat niedergelegt hatte. Parallel dazu wurden mehrere Einzelf\u00e4lle detailliert analysiert. Beigezogen wurden zudem die offiziellen Statistiken des Staatssekretariats f\u00fcr Migration (SEM) und des Bundesverwaltungsgerichts (BVGer), die sich \u00fcber den gleichen Zeitraum erstrecken. Mittels Auswertung dieser Daten soll die Neustrukturierung kritisch beleuchtet werden.<\/p>\n<\/div>\n<\/div>\n<\/div><\/div>\n\n\n\n<div class=\"wp-block-group alignfull has-accent-background-color has-background is-layout-flow wp-block-group-is-layout-flow\"><div class=\"wp-block-group__inner-container\"><\/div><\/div>\n\n\n\n<p><\/p>\n","protected":false},"excerpt":{"rendered":"<p>Analyse zur Neustrukturierung des Asylbereichs und der Beschleunigung der Asylverfahren&#8212;&#8212;&#8212;&#8212;&#8212;&#8212;-Evaluation sur la restructuration de l\u2019ensemble du domaine de l\u2019asile et l&#8217;acc\u00e9l\u00e9ration des proc\u00e9dures d\u2019asile zum Bericht (DE, PDF, 41 S.voir le rapport (FR, PDF, 42 p.) BeobachtungenObservations EinzelfallbeispieleT\u00e9moignages ForderungenRevendications StatistikStatistiques Seit dem 1. M\u00e4rz 2019 ist die \u00abNeustrukturierung Asylbereich\u00bb in Kraft. Diese hat die Beschleunigung [&hellip;]<\/p>\n","protected":false},"author":1,"featured_media":0,"parent":0,"menu_order":0,"comment_status":"closed","ping_status":"closed","template":"","meta":{"footnotes":""},"class_list":["post-22","page","type-page","status-publish","hentry"],"_links":{"self":[{"href":"https:\/\/xn--bndnis-rechtsarbeit-asyl-vsc.ch\/index.php?rest_route=\/wp\/v2\/pages\/22","targetHints":{"allow":["GET"]}}],"collection":[{"href":"https:\/\/xn--bndnis-rechtsarbeit-asyl-vsc.ch\/index.php?rest_route=\/wp\/v2\/pages"}],"about":[{"href":"https:\/\/xn--bndnis-rechtsarbeit-asyl-vsc.ch\/index.php?rest_route=\/wp\/v2\/types\/page"}],"author":[{"embeddable":true,"href":"https:\/\/xn--bndnis-rechtsarbeit-asyl-vsc.ch\/index.php?rest_route=\/wp\/v2\/users\/1"}],"replies":[{"embeddable":true,"href":"https:\/\/xn--bndnis-rechtsarbeit-asyl-vsc.ch\/index.php?rest_route=%2Fwp%2Fv2%2Fcomments&post=22"}],"version-history":[{"count":72,"href":"https:\/\/xn--bndnis-rechtsarbeit-asyl-vsc.ch\/index.php?rest_route=\/wp\/v2\/pages\/22\/revisions"}],"predecessor-version":[{"id":282,"href":"https:\/\/xn--bndnis-rechtsarbeit-asyl-vsc.ch\/index.php?rest_route=\/wp\/v2\/pages\/22\/revisions\/282"}],"wp:attachment":[{"href":"https:\/\/xn--bndnis-rechtsarbeit-asyl-vsc.ch\/index.php?rest_route=%2Fwp%2Fv2%2Fmedia&parent=22"}],"curies":[{"name":"wp","href":"https:\/\/api.w.org\/{rel}","templated":true}]}}