{"id":82,"date":"2020-08-03T13:42:57","date_gmt":"2020-08-03T13:42:57","guid":{"rendered":"https:\/\/xn--bndnis-rechtsarbeit-asyl-vsc.ch\/?page_id=82"},"modified":"2020-09-08T12:11:22","modified_gmt":"2020-09-08T12:11:22","slug":"forderungen-revendications","status":"publish","type":"page","link":"https:\/\/xn--bndnis-rechtsarbeit-asyl-vsc.ch\/?page_id=82","title":{"rendered":"Forderungen"},"content":{"rendered":"\n<h4 class=\"has-text-align-left wp-block-heading\"><a href=\"https:\/\/b\u00fcndnis-rechtsarbeit-asyl.ch\/index.php\/revendications\/\">> cliquer i\u00e7i pour la version fran\u00e7aise<\/a><\/h4>\n\n\n\n<h2 class=\"wp-block-heading\"><strong>Wir verlangen:<\/strong><\/h2>\n\n\n\n<h5 class=\"wp-block-heading\">1. die Verl\u00e4ngerung aller erstinstanzlichen Behandlungsfristen, sowohl in den beschleunigten wie auch den Dublin-Verfahren;<\/h5>\n\n\n\n<h5 class=\"wp-block-heading\">2. die Verl\u00e4ngerung der gesetzlichen Beschwerdefrist gegen einen materiellen Entscheid im beschleunigten Verfahren;<\/h5>\n\n\n\n<h5 class=\"wp-block-heading\">3. die Verl\u00e4ngerung der gesetzlichen Beschwerdefrist gegen einen Nichteintretensentscheid;<\/h5>\n\n\n\n<h5 class=\"wp-block-heading\">4. die Verl\u00e4ngerung der Behandlungsfristen des Bundesverwaltungsgerichts;<\/h5>\n\n\n\n<h5 class=\"wp-block-heading\">5. die Einhaltung des Untersuchungsgrundsatzes durch das SEM w\u00e4hrend der erstinstanzlichen Asylverfahren und durch das BVGer im Beschwerdeverfahren;<\/h5>\n\n\n\n<h5 class=\"wp-block-heading\">6. eine sorgf\u00e4ltige(re) Triage w\u00e4hrend des Asylverfahrens. Komplexe F\u00e4lle m\u00fcssen konsequent ins erweiterte Verfahren \u00fcberf\u00fchrt werden, insbesondere, wenn medizinische Abkl\u00e4rungen oder die Einreichung ausstehender Beweismittel im Rahmen des beschleunigten Verfahrens nicht m\u00f6glich sind;<\/h5>\n\n\n\n<h5 class=\"wp-block-heading\">7. die Offenlegung der Begr\u00fcndung zur Mandatsniederlegung durch die Rechtsvertretung;<\/h5>\n\n\n\n<h5 class=\"wp-block-heading\">8. die Etablierung einer anderen Mandatsniederlegungspraxis unter Ber\u00fccksichtigung der Rechtsfortbildung und der Interessenwahrungspflicht durch die Rechtsvertretung;<\/h5>\n\n\n\n<h5 class=\"wp-block-heading\">9. dass keine Mandatsniederlegungen im Falle von negativen Asylentscheiden erfolgen, die vorwiegend oder ausschliesslich auf mangelnder Glaubhaftigkeit basieren;<\/h5>\n\n\n\n<h5 class=\"wp-block-heading\">10. dass keine Mandatsniederlegungen im Falle negativer Asylentscheide erfolgen, die auf fehlenden zeitlichen Ressourcen gr\u00fcnden;<\/h5>\n\n\n\n<h5 class=\"wp-block-heading\">11. eine bessere Koordination zwischen den beauftragten Leistungserbringern Rechtsschutz bez\u00fcglich Beschwerdeerhebung und in Sachthemen zur Rechtsfortbildung;<\/h5>\n\n\n\n<h5 class=\"wp-block-heading\">12. die klare r\u00e4umliche Trennung zwischen Rechtsvertretung und SEM;<\/h5>\n\n\n\n<h5 class=\"wp-block-heading\">13. die Gew\u00e4hrung des Zugangs zu einer Rechtsvertretung in den Ausreisezentren f\u00fcr alle Asylsuchenden;<\/h5>\n\n\n\n<h5 class=\"wp-block-heading\">14. die Zust\u00e4ndigkeit der Rechtsvertretung bei parallel zum Asylverfahren auftretenden, verwaltungsrechtlichen oder strafrechtlichen Belangen ihrer Mandant*innen;<\/h5>\n\n\n\n<h5 class=\"wp-block-heading\">15. ein reibungsloses und vollst\u00e4ndig transparentes Verfahren zur Akten\u00fcbergabe und -einsicht beim Wechsel der Rechtsvertretung;<\/h5>\n\n\n\n<h5 class=\"wp-block-heading\">16. den Zugang zu allen Bundesasylzentren auch f\u00fcr nicht akkreditierte Organisationen;<\/h5>\n\n\n\n<h5 class=\"wp-block-heading\">17. den l\u00fcckenlosen und unbedingten Zugang zu medizinischer Versorgung f\u00fcr alle asylsuchenden Personen w\u00e4hrend ihres Asylverfahrens;<\/h5>\n\n\n\n<h5 class=\"wp-block-heading\">18. den Zugang aller asylsuchenden Personen zur Asylsozialhilfe oder der ordentlichen Sozialhilfe w\u00e4hrend ihres erstinstanzlichen Asylverfahrens.<\/h5>\n\n\n\n<p><\/p>\n","protected":false},"excerpt":{"rendered":"<p>> cliquer i\u00e7i pour la version fran\u00e7aise Wir verlangen: 1. die Verl\u00e4ngerung aller erstinstanzlichen Behandlungsfristen, sowohl in den beschleunigten wie auch den Dublin-Verfahren; 2. die Verl\u00e4ngerung der gesetzlichen Beschwerdefrist gegen einen materiellen Entscheid im beschleunigten Verfahren; 3. die Verl\u00e4ngerung der gesetzlichen Beschwerdefrist gegen einen Nichteintretensentscheid; 4. die Verl\u00e4ngerung der Behandlungsfristen des Bundesverwaltungsgerichts; 5. die Einhaltung [&hellip;]<\/p>\n","protected":false},"author":1,"featured_media":0,"parent":0,"menu_order":0,"comment_status":"closed","ping_status":"closed","template":"","meta":{"footnotes":""},"class_list":["post-82","page","type-page","status-publish","hentry"],"_links":{"self":[{"href":"https:\/\/xn--bndnis-rechtsarbeit-asyl-vsc.ch\/index.php?rest_route=\/wp\/v2\/pages\/82","targetHints":{"allow":["GET"]}}],"collection":[{"href":"https:\/\/xn--bndnis-rechtsarbeit-asyl-vsc.ch\/index.php?rest_route=\/wp\/v2\/pages"}],"about":[{"href":"https:\/\/xn--bndnis-rechtsarbeit-asyl-vsc.ch\/index.php?rest_route=\/wp\/v2\/types\/page"}],"author":[{"embeddable":true,"href":"https:\/\/xn--bndnis-rechtsarbeit-asyl-vsc.ch\/index.php?rest_route=\/wp\/v2\/users\/1"}],"replies":[{"embeddable":true,"href":"https:\/\/xn--bndnis-rechtsarbeit-asyl-vsc.ch\/index.php?rest_route=%2Fwp%2Fv2%2Fcomments&post=82"}],"version-history":[{"count":10,"href":"https:\/\/xn--bndnis-rechtsarbeit-asyl-vsc.ch\/index.php?rest_route=\/wp\/v2\/pages\/82\/revisions"}],"predecessor-version":[{"id":262,"href":"https:\/\/xn--bndnis-rechtsarbeit-asyl-vsc.ch\/index.php?rest_route=\/wp\/v2\/pages\/82\/revisions\/262"}],"wp:attachment":[{"href":"https:\/\/xn--bndnis-rechtsarbeit-asyl-vsc.ch\/index.php?rest_route=%2Fwp%2Fv2%2Fmedia&parent=82"}],"curies":[{"name":"wp","href":"https:\/\/api.w.org\/{rel}","templated":true}]}}